{"id":97,"date":"2023-04-17T12:54:44","date_gmt":"2023-04-17T12:54:44","guid":{"rendered":"https:\/\/cassefaz.com\/?page_id=97"},"modified":"2023-07-19T11:33:21","modified_gmt":"2023-07-19T11:33:21","slug":"quem-somos","status":"publish","type":"page","link":"https:\/\/cassefaz.com\/index.php\/quem-somos\/","title":{"rendered":"Quem Somos"},"content":{"rendered":"\t\t<div data-elementor-type=\"wp-page\" data-elementor-id=\"97\" class=\"elementor elementor-97\" data-elementor-post-type=\"page\">\n\t\t\t\t<div class=\"elementor-element elementor-element-2902229 e-flex e-con-boxed e-con e-parent\" data-id=\"2902229\" data-element_type=\"container\">\n\t\t\t\t\t<div class=\"e-con-inner\">\n\t\t\t\t<div class=\"elementor-element elementor-element-715ccb5 elementor-widget elementor-widget-spacer\" data-id=\"715ccb5\" data-element_type=\"widget\" data-widget_type=\"spacer.default\">\n\t\t\t\t<div class=\"elementor-widget-container\">\n\t\t\t\t\t\t\t<div class=\"elementor-spacer\">\n\t\t\t<div class=\"elementor-spacer-inner\"><\/div>\n\t\t<\/div>\n\t\t\t\t\t\t<\/div>\n\t\t\t\t<\/div>\n\t\t\t\t\t<\/div>\n\t\t\t\t<\/div>\n\t\t<div class=\"elementor-element elementor-element-7427b1d e-con-full e-flex e-con e-parent\" data-id=\"7427b1d\" data-element_type=\"container\">\n\t\t<div class=\"elementor-element elementor-element-ff646c2 e-con-full e-flex e-con e-child\" data-id=\"ff646c2\" data-element_type=\"container\">\n\t\t\t\t<div class=\"elementor-element elementor-element-896005e elementor-invisible elementor-widget elementor-widget-image\" data-id=\"896005e\" data-element_type=\"widget\" data-settings=\"{&quot;_animation&quot;:&quot;fadeIn&quot;}\" data-widget_type=\"image.default\">\n\t\t\t\t<div class=\"elementor-widget-container\">\n\t\t\t\t\t\t\t\t\t\t\t\t\t\t\t<img fetchpriority=\"high\" decoding=\"async\" width=\"1020\" height=\"1024\" src=\"https:\/\/cassefaz.com\/wp-content\/uploads\/2023\/05\/quem_somos2-min-1020x1024.png\" class=\"attachment-large size-large wp-image-1429\" alt=\"\" srcset=\"https:\/\/cassefaz.com\/wp-content\/uploads\/2023\/05\/quem_somos2-min-1020x1024.png 1020w, https:\/\/cassefaz.com\/wp-content\/uploads\/2023\/05\/quem_somos2-min-300x300.png 300w, https:\/\/cassefaz.com\/wp-content\/uploads\/2023\/05\/quem_somos2-min-150x150.png 150w, https:\/\/cassefaz.com\/wp-content\/uploads\/2023\/05\/quem_somos2-min-768x771.png 768w, https:\/\/cassefaz.com\/wp-content\/uploads\/2023\/05\/quem_somos2-min.png 1185w\" sizes=\"(max-width: 1020px) 100vw, 1020px\" \/>\t\t\t\t\t\t\t\t\t\t\t\t\t\t\t<\/div>\n\t\t\t\t<\/div>\n\t\t\t\t<\/div>\n\t\t<div class=\"elementor-element elementor-element-0b5ccd0 e-con-full e-flex e-con e-child\" data-id=\"0b5ccd0\" data-element_type=\"container\">\n\t\t\t\t<div class=\"elementor-element elementor-element-3eed538 animated-slow elementor-invisible elementor-widget elementor-widget-heading\" data-id=\"3eed538\" data-element_type=\"widget\" data-settings=\"{&quot;_animation&quot;:&quot;fadeIn&quot;,&quot;_animation_delay&quot;:400}\" data-widget_type=\"heading.default\">\n\t\t\t\t<div class=\"elementor-widget-container\">\n\t\t\t\t\t<h2 class=\"elementor-heading-title elementor-size-default\">QUEM SOMOS<\/h2>\t\t\t\t<\/div>\n\t\t\t\t<\/div>\n\t\t\t\t<div class=\"elementor-element elementor-element-6ef0289 animated-slow elementor-invisible elementor-widget elementor-widget-heading\" data-id=\"6ef0289\" data-element_type=\"widget\" data-settings=\"{&quot;_animation&quot;:&quot;fadeInUp&quot;,&quot;_animation_delay&quot;:500}\" data-widget_type=\"heading.default\">\n\t\t\t\t<div class=\"elementor-widget-container\">\n\t\t\t\t\t<h2 class=\"elementor-heading-title elementor-size-default\">Somos uma produtora cultural com mais de 30 anos de hist\u00f3ria<\/h2>\t\t\t\t<\/div>\n\t\t\t\t<\/div>\n\t\t\t\t<div class=\"elementor-element elementor-element-7d7e149 elementor-invisible elementor-widget elementor-widget-text-editor\" data-id=\"7d7e149\" data-element_type=\"widget\" data-settings=\"{&quot;_animation&quot;:&quot;fadeIn&quot;,&quot;_animation_delay&quot;:800}\" data-widget_type=\"text-editor.default\">\n\t\t\t\t<div class=\"elementor-widget-container\">\n\t\t\t\t\t\t\t\t\t<p>Criamos e produzimos espet\u00e1culos, festivais e outros projetos culturais, a\u00e7\u00f5es\u00a0de forma\u00e7\u00e3o e eventos corporativos.<\/p><p>Apostamos na pluralidade est\u00e9tica e art\u00edstica, no respeito pela diversidade de espetadores e clientes, privilegiando a cria\u00e7\u00e3o de solu\u00e7\u00f5es ajustadas \u00e0s suas necessidades.<\/p><p>Asseguramos os meios necess\u00e1rios \u00e0 viabiliza\u00e7\u00e3o de ideias e projetos de artistas comprometidos com o desenvolvimento cultural, social e ambiental, potenciando o seu valor criativo junto de espetadores, entidades culturais e empresas.<\/p><p>Temos uma vasta experi\u00eancia nas \u00e1reas da cria\u00e7\u00e3o, programa\u00e7\u00e3o e produ\u00e7\u00e3o cultural, trabalhando em rede com parceiros das mais diversas \u00e1reas.<\/p>\t\t\t\t\t\t\t\t<\/div>\n\t\t\t\t<\/div>\n\t\t\t\t<div class=\"elementor-element elementor-element-b4782d5 animated-slow elementor-invisible elementor-widget elementor-widget-text-editor\" data-id=\"b4782d5\" data-element_type=\"widget\" data-settings=\"{&quot;_animation&quot;:&quot;fadeIn&quot;}\" data-widget_type=\"text-editor.default\">\n\t\t\t\t<div class=\"elementor-widget-container\">\n\t\t\t\t\t\t\t\t\t<p>&#8220;A CULTURA \u00c9 O QUE N\u00d3S SOMOS E O QUE MOLDA A NOSSA IDENTIDADE. COLOCAR\u00a0 A CULTURA NO CORA\u00c7\u00c3O DAS POL\u00cdTICAS DE DESENVOLVIMENTO \u00c9 A \u00daNICA FORMA DE GARANTIR UM DESENVOLVIMENTO CENTRADO NO SER HUMANO, INCLUSIVO E EQUITATIVO (UNESCO)\u201d<\/p>\t\t\t\t\t\t\t\t<\/div>\n\t\t\t\t<\/div>\n\t\t\t\t<\/div>\n\t\t\t\t<\/div>\n\t\t<div class=\"elementor-element elementor-element-91f9227 e-flex e-con-boxed e-con e-parent\" data-id=\"91f9227\" data-element_type=\"container\" id=\"contacto\">\n\t\t\t\t\t<div class=\"e-con-inner\">\n\t\t\t\t<div class=\"elementor-element elementor-element-27d81eb elementor-widget elementor-widget-spacer\" data-id=\"27d81eb\" data-element_type=\"widget\" data-widget_type=\"spacer.default\">\n\t\t\t\t<div class=\"elementor-widget-container\">\n\t\t\t\t\t\t\t<div class=\"elementor-spacer\">\n\t\t\t<div class=\"elementor-spacer-inner\"><\/div>\n\t\t<\/div>\n\t\t\t\t\t\t<\/div>\n\t\t\t\t<\/div>\n\t\t\t\t\t<\/div>\n\t\t\t\t<\/div>\n\t\t\t\t<\/div>\n\t\t","protected":false},"excerpt":{"rendered":"<p>QUEM SOMOS Somos uma produtora cultural com mais de 30 anos de hist\u00f3ria Criamos e produzimos espet\u00e1culos, festivais e outros projetos culturais, a\u00e7\u00f5es\u00a0de forma\u00e7\u00e3o e eventos corporativos. Apostamos na pluralidade est\u00e9tica e art\u00edstica, no respeito pela diversidade de espetadores e clientes, privilegiando a cria\u00e7\u00e3o de solu\u00e7\u00f5es ajustadas \u00e0s suas necessidades. Asseguramos os meios necess\u00e1rios \u00e0 [&hellip;]<\/p>\n","protected":false},"author":1,"featured_media":0,"parent":0,"menu_order":0,"comment_status":"closed","ping_status":"closed","template":"","meta":{"site-sidebar-layout":"no-sidebar","site-content-layout":"page-builder","ast-site-content-layout":"","site-content-style":"default","site-sidebar-style":"default","ast-global-header-display":"disabled","ast-banner-title-visibility":"","ast-main-header-display":"","ast-hfb-above-header-display":"","ast-hfb-below-header-display":"","ast-hfb-mobile-header-display":"","site-post-title":"disabled","ast-breadcrumbs-content":"","ast-featured-img":"disabled","footer-sml-layout":"disabled","theme-transparent-header-meta":"","adv-header-id-meta":"","stick-header-meta":"","header-above-stick-meta":"","header-main-stick-meta":"","header-below-stick-meta":"","astra-migrate-meta-layouts":"default","ast-page-background-enabled":"default","ast-page-background-meta":{"desktop":{"background-color":"var(--ast-global-color-4)","background-image":"","background-repeat":"repeat","background-position":"center center","background-size":"auto","background-attachment":"scroll","background-type":"","background-media":"","overlay-type":"","overlay-color":"","overlay-opacity":"","overlay-gradient":""},"tablet":{"background-color":"","background-image":"","background-repeat":"repeat","background-position":"center center","background-size":"auto","background-attachment":"scroll","background-type":"","background-media":"","overlay-type":"","overlay-color":"","overlay-opacity":"","overlay-gradient":""},"mobile":{"background-color":"","background-image":"","background-repeat":"repeat","background-position":"center center","background-size":"auto","background-attachment":"scroll","background-type":"","background-media":"","overlay-type":"","overlay-color":"","overlay-opacity":"","overlay-gradient":""}},"ast-content-background-meta":{"desktop":{"background-color":"var(--ast-global-color-5)","background-image":"","background-repeat":"repeat","background-position":"center center","background-size":"auto","background-attachment":"scroll","background-type":"","background-media":"","overlay-type":"","overlay-color":"","overlay-opacity":"","overlay-gradient":""},"tablet":{"background-color":"var(--ast-global-color-5)","background-image":"","background-repeat":"repeat","background-position":"center center","background-size":"auto","background-attachment":"scroll","background-type":"","background-media":"","overlay-type":"","overlay-color":"","overlay-opacity":"","overlay-gradient":""},"mobile":{"background-color":"var(--ast-global-color-5)","background-image":"","background-repeat":"repeat","background-position":"center center","background-size":"auto","background-attachment":"scroll","background-type":"","background-media":"","overlay-type":"","overlay-color":"","overlay-opacity":"","overlay-gradient":""}},"footnotes":""},"class_list":["post-97","page","type-page","status-publish","hentry"],"_links":{"self":[{"href":"https:\/\/cassefaz.com\/index.php\/wp-json\/wp\/v2\/pages\/97","targetHints":{"allow":["GET"]}}],"collection":[{"href":"https:\/\/cassefaz.com\/index.php\/wp-json\/wp\/v2\/pages"}],"about":[{"href":"https:\/\/cassefaz.com\/index.php\/wp-json\/wp\/v2\/types\/page"}],"author":[{"embeddable":true,"href":"https:\/\/cassefaz.com\/index.php\/wp-json\/wp\/v2\/users\/1"}],"replies":[{"embeddable":true,"href":"https:\/\/cassefaz.com\/index.php\/wp-json\/wp\/v2\/comments?post=97"}],"version-history":[{"count":91,"href":"https:\/\/cassefaz.com\/index.php\/wp-json\/wp\/v2\/pages\/97\/revisions"}],"predecessor-version":[{"id":1779,"href":"https:\/\/cassefaz.com\/index.php\/wp-json\/wp\/v2\/pages\/97\/revisions\/1779"}],"wp:attachment":[{"href":"https:\/\/cassefaz.com\/index.php\/wp-json\/wp\/v2\/media?parent=97"}],"curies":[{"name":"wp","href":"https:\/\/api.w.org\/{rel}","templated":true}]}}